{"id":2760,"date":"2018-07-09T09:46:48","date_gmt":"2018-07-09T09:46:48","guid":{"rendered":"https:\/\/kleinfeld-cec.com\/?page_id=2760"},"modified":"2026-04-20T13:16:16","modified_gmt":"2026-04-20T11:16:16","slug":"kontakt","status":"publish","type":"page","link":"https:\/\/kleinfeld-cec.com\/en\/kontakt\/","title":{"rendered":"Kontakt"},"content":{"rendered":"<div class=\"brz-root__container brz-reset-all brz brz-root__container-page\">\n<section id=\"_kgddreoptw\" class=\"brz-section brz-css-1q2qef8 brz-css-16tsle8\">\n<div class=\"brz-section__content brz-section--boxed brz-css-w58lv1 brz-css-lw8me\" data-brz-custom-id=\"jbvematotk\">\n<div class=\"brz-bg\">\n<div class=\"brz-bg-image brz-bg-image-parallax\"><\/div>\n<div class=\"brz-bg-color\"><\/div>\n<\/div>\n<div class=\"brz-container brz-css-vfytqh\">\n<div id=\"\" data-brz-iteration-count=\"1\" class=\"brz-css-h3mxhs brz-wrapper brz-animated brz-css-11fpouk brz-css-kqk3e9\" data-animationid=\"bxfycbwhfw\">\n<div class=\"brz-rich-text brz-rich-text__custom brz-css-17nwv1f\" data-brz-custom-id=\"mhtybdewlg\">\n<div data-brz-translate-text=\"1\">\n<h1 class=\"brz-text-xs-center brz-tp-heading1 brz-text-lg-center brz-css-mQ7x9\"><strong class=\"brz-cp-color8\">Nehmen Sie Kontakt mit uns auf<\/strong><\/h1>\n<\/div>\n<\/div>\n<\/div>\n<div id=\"\" data-brz-iteration-count=\"1\" class=\"brz-css-h3mxhs brz-css-czx8gi brz-wrapper brz-animated brz-css-348huf brz-css-v8n04l\" data-animationid=\"hhrgjllkha\">\n<div class=\"brz-rich-text brz-rich-text__custom brz-css-17nwv1f\" data-brz-custom-id=\"vrfxhdsjon\">\n<div data-brz-translate-text=\"1\">\n<p class=\"brz-text-lg-center brz-text-xs-center brz-tp-subtitle brz-css-dasx_\"><strong class=\"brz-cp-color8\">Wie k\u00f6nnen wir Sie unterst\u00fctzen?<\/strong><\/p>\n<\/div>\n<\/div>\n<\/div>\n<\/div>\n<\/div>\n<\/section>\n<section id=\"_ykqacwfubk\" class=\"brz-section brz-css-1q2qef8\">\n<div class=\"brz-section__content brz-section--boxed brz-css-w58lv1 brz-css-n2q847\" data-brz-custom-id=\"qyqrhdedik\">\n<div class=\"brz-bg\">\n<div class=\"brz-bg-color\"><\/div>\n<\/div>\n<div class=\"brz-container brz-css-vfytqh\">\n<div id=\"\" class=\"brz-css-h3mxhs brz-css-16qepin brz-wrapper\">\n<div class=\"brz-rich-text brz-rich-text__custom brz-css-17nwv1f\" data-brz-custom-id=\"pplqxxmlnl\">\n<div data-brz-translate-text=\"1\">\n<p class=\"brz-tp-cqahaeiuwf brz-text-lg-center brz-text-xs-center brz-css-e5OGe\"><span class=\"brz-cp-color7\">Hier haben Sie die M\u00f6glichkeit, Kontakt mit uns aufzunehmen und auf Wunsch Ihr Anliegen bereits zu skizzieren. Wir werden uns schnellstm\u00f6glich mit Ihnen in Verbindung setzen. Dies kann manchmal ein paar Tage in Anspruch nehmen, da wir viel f\u00fcr unsere Kunden unterwegs sind. Bitte haben Sie Verst\u00e4ndnis daf\u00fcr.&nbsp;<\/span><\/p>\n<\/div>\n<\/div>\n<\/div>\n<\/div>\n<\/div>\n<\/section>\n<section id=\"_dsxxklyqhl\" class=\"brz-section brz-css-1q2qef8\">\n<div class=\"brz-section__content brz-section--boxed brz-css-w58lv1 brz-css-1u90gij\" data-brz-custom-id=\"apcblowgcg\">\n<div class=\"brz-bg\">\n<div class=\"brz-bg-image\"><\/div>\n<div class=\"brz-bg-color\"><\/div>\n<\/div>\n<div class=\"brz-container brz-css-vfytqh brz-css-8uduuz\">\n<div class=\"brz-row__container brz-css-1qsebi2\" data-brz-custom-id=\"fzbmufgdir\">\n<div class=\"brz-bg\"><\/div>\n<div class=\"brz-row brz-css-y3lib3 brz-css-3svyff\">\n<div class=\"brz-columns brz-css-nc6suw brz-css-dgaj6p\" data-brz-custom-id=\"wsttsucwsv\">\n<div class=\"brz-bg\"><\/div>\n<div class=\"brz-column__items brz-css-fj4xgi brz-css-cnklve\">\n<div id=\"\" class=\"brz-css-h3mxhs brz-css-14p1ciu brz-wrapper\">\n<div class=\"brz-line brz-line-default brz-css-zyli6p brz-css-154mtpz\" data-brz-custom-id=\"cgqjthcyow\">\n<hr class=\"brz-hr\"><\/div>\n<\/div>\n<div id=\"\" class=\"brz-css-h3mxhs brz-wrapper\">\n<div class=\"brz-icon-text brz-css-hpnpl brz-css-1sac356\" data-brz-custom-id=\"tlzoyjltta\">\n<div class=\"brz-icon__container\" data-brz-custom-id=\"jyciiccmfl\"><span class=\"brz-icon brz-span brz-css-19f7pxp brz-css-1bf12l2\"><\/span><\/div>\n<div class=\"brz-text-btn\">\n<div class=\"brz-rich-text brz-rich-text__custom brz-css-17nwv1f\" data-brz-custom-id=\"spmjicimbp\">\n<div data-brz-translate-text=\"1\">\n<h4 class=\"brz-mb-xs-10 brz-mb-lg-0 brz-tp-heading5 brz-css-zjFKq\"><span class=\"brz-cp-color2\">E-Mail<\/span><\/h4>\n<p class=\"brz-tp-paragraph brz-css-jQ_0K\"><a class=\"brz-cp-color7 link--external\" href=\"mailto:info@kleinfeld-cec.com\" data-brz-link-type=\"external\"><em>info@kleinfeld-cec.com<\/em><\/a><\/p>\n<\/div>\n<\/div>\n<\/div>\n<\/div>\n<\/div>\n<div id=\"\" class=\"brz-css-h3mxhs brz-css-8zowrn brz-wrapper\">\n<div class=\"brz-line brz-line-default brz-css-zyli6p brz-css-1jlysfu\" data-brz-custom-id=\"mdnjadhtct\">\n<hr class=\"brz-hr\"><\/div>\n<\/div>\n<div id=\"\" class=\"brz-css-h3mxhs brz-wrapper\">\n<div class=\"brz-icon-text brz-css-hpnpl brz-css-l1hncf\" data-brz-custom-id=\"podwzpvruc\">\n<div class=\"brz-icon__container\" data-brz-custom-id=\"hqcbopyzlc\"><span class=\"brz-icon brz-span brz-css-19f7pxp brz-css-71tz0c\"><\/span><\/div>\n<div class=\"brz-text-btn\">\n<div class=\"brz-rich-text brz-rich-text__custom brz-css-17nwv1f\" data-brz-custom-id=\"harlsyoxzs\">\n<div data-brz-translate-text=\"1\">\n<h4 class=\"brz-tp-heading5 brz-mb-lg-0 brz-mb-xs-10 brz-css-dekiq\"><span class=\"brz-cp-color2\">Telefon&nbsp;<\/span><\/h4>\n<p class=\"brz-tp-paragraph brz-css-c61Pr\">05371\/ 941 67 67<\/p>\n<\/div>\n<\/div>\n<\/div>\n<\/div>\n<\/div>\n<div id=\"\" class=\"brz-css-h3mxhs brz-css-n2q1hf brz-wrapper\">\n<div class=\"brz-line brz-line-default brz-css-zyli6p brz-css-1hxv2kt\" data-brz-custom-id=\"bjxcralrch\">\n<hr class=\"brz-hr\"><\/div>\n<\/div>\n<div id=\"\" class=\"brz-css-h3mxhs brz-wrapper\">\n<div class=\"brz-icon-text brz-css-hpnpl brz-css-ou44xs\" data-brz-custom-id=\"ygbfhiphkl\">\n<div class=\"brz-icon__container\" data-brz-custom-id=\"uzdgchgllx\"><span class=\"brz-icon brz-span brz-css-19f7pxp brz-css-68ax2k\"><\/span><\/div>\n<div class=\"brz-text-btn\">\n<div class=\"brz-rich-text brz-rich-text__custom brz-css-17nwv1f\" data-brz-custom-id=\"phuancdzgg\">\n<div data-brz-translate-text=\"1\">\n<h4 class=\"brz-mb-xs-10 brz-mb-lg-0 brz-tp-heading5 brz-css-wwaqP\"><span class=\"brz-cp-color2\">Rechnungsanschrift&nbsp;<\/span><\/h4>\n<p class=\"brz-tp-paragraph brz-css-znsPd\">Dr. Kleinfeld CEC GmbH &amp; Co. KG<\/p>\n<p class=\"brz-tp-paragraph brz-css-csR1p\">Wollgrasweg 10&nbsp;<\/p>\n<p class=\"brz-tp-paragraph brz-css-zZcAj\">38518 Gifhorn&nbsp;<\/p>\n<p class=\"brz-tp-paragraph brz-css-sxY4i\">&nbsp;<\/p>\n<\/div>\n<\/div>\n<\/div>\n<\/div>\n<\/div>\n<\/div>\n<\/div>\n<div class=\"brz-columns brz-css-nc6suw brz-css-12whr6g\" data-brz-custom-id=\"kggwhnorss\">\n<div class=\"brz-bg\"><\/div>\n<div class=\"brz-column__items brz-css-fj4xgi brz-css-1j9vcmo\">\n<div id=\"\" class=\"brz-css-h3mxhs brz-css-l5ojxi brz-wrapper\">\n<div class=\"brz-forms brz-css-1co53kz\" data-brz-form-version=\"1\" data-brz-custom-id=\"rgvjyunwvv\">\n<div class=\"brz-forms__fields brz-css-1mlpbey brz-css-heedez\">\n<div class=\"brz-forms__item brz-css-75j39p\"><\/div>\n<div class=\"brz-forms__item brz-css-75j39p\"><\/div>\n<div class=\"brz-forms__item brz-css-75j39p\"><\/div>\n<div class=\"brz-forms__item brz-css-75j39p\"><\/div>\n<div class=\"brz-forms__item brz-css-75j39p brz-css-1m1vrxm\"><textarea class=\"brz-textarea brz-forms__field\" id=\"kdzutbhldh\" name=\"kdzutbhldh\" data-brz-type=\"Paragraph\" data-brz-label=\"Ihr Anliegen\"><\/textarea><\/div>\n<\/div>\n<p><button class=\"brz-btn brz-btn-submit brz-css-1hbph9q brz-css-1ufcjl0\" data-brz-custom-id=\"drdagwbjqn\"><span data-brz-translate-text=\"1\" class=\"brz-span brz-text__editor\">SENDEN<\/span><\/button><\/p>\n<div class=\"brz-g-recaptcha\" data-sitekey=\"\" data-size=\"invisible\" data-callback=\"brzFormV1Captcha\"><\/div>\n<\/div>\n<\/div>\n<\/div>\n<\/div>\n<\/div>\n<\/div>\n<\/div>\n<\/div>\n<\/section>\n<\/div>\n<p>    <!-- version:1737994856 --><\/p>","protected":false},"excerpt":{"rendered":"<p>Nehmen Sie Kontakt mit uns auf Wie k\u00f6nnen wir Sie unterst\u00fctzen? Hier haben Sie die M\u00f6glichkeit, Kontakt mit uns aufzunehmen und auf Wunsch Ihr Anliegen bereits zu skizzieren. Wir werden uns schnellstm\u00f6glich mit Ihnen in Verbindung setzen. Dies kann manchmal ein paar Tage in Anspruch nehmen, da wir viel f\u00fcr unsere Kunden unterwegs sind. Bitte [&hellip;]<\/p>\n","protected":false},"author":1,"featured_media":0,"parent":0,"menu_order":0,"comment_status":"closed","ping_status":"closed","template":"visual-builder-template.php","meta":{"footnotes":""},"class_list":["post-2760","page","type-page","status-publish","hentry"],"brizy_media":[{"id":1637,"url":"https:\/\/kleinfeld-cec.com\/wp-content\/uploads\/2015\/06\/Contact-BKG.jpg","name":"Contact-BKG.jpg","meta":{"brizy_attachment_uid":"wp-c50b96c9843045b8069542a1c6f16489","brizy_post_uid":["bb1b6f2f4c2489c93fe7f3a4352a2000"]}},{"id":2848,"url":"https:\/\/kleinfeld-cec.com\/wp-content\/uploads\/2018\/07\/Contact-Header.jpg","name":"Contact-Header.jpg","meta":{"brizy_attachment_uid":"wp-c5d7d9e931743f661bf74379a288e296","brizy_post_uid":["bb1b6f2f4c2489c93fe7f3a4352a2000"]}},{"id":3119,"url":"https:\/\/kleinfeld-cec.com\/wp-content\/uploads\/2018\/10\/compass-1424709_1920.jpg","name":"compass-1424709_1920.jpg","meta":{"brizy_attachment_uid":"wp-3c697ef70dc7e66fa6a9818dc358a39c","brizy_post_uid":["bb1b6f2f4c2489c93fe7f3a4352a2000","cfc4bdd7f6ba3e56e3bc14fb71c6dce2"]}},{"id":3120,"url":"https:\/\/kleinfeld-cec.com\/wp-content\/uploads\/2018\/10\/Strategie_02.jpg","name":"Strategie_02.jpg","meta":{"brizy_attachment_uid":"wp-cf4134a9410f751b488e009879a03a2b","brizy_post_uid":["bb1b6f2f4c2489c93fe7f3a4352a2000","ceb13f61cf33a0c5864db3e462e541ed"]}},{"id":3570,"url":"https:\/\/kleinfeld-cec.com\/wp-content\/uploads\/brizy\/2760\/assets\/images\/7f83717c6e5c1ac723f42e351a782cf4543ce29d.jpeg","name":"7f83717c6e5c1ac723f42e351a782cf4543ce29d-jpeg","meta":{"brizy_attachment_uid":"7f83717c6e5c1ac723f42e351a782cf4543ce29d.jpeg","brizy_post_uid":["bb1b6f2f4c2489c93fe7f3a4352a2000","6c07ed67aaa82be4a9dd629823119a8b"]}}],"_links":{"self":[{"href":"https:\/\/kleinfeld-cec.com\/en\/wp-json\/wp\/v2\/pages\/2760","targetHints":{"allow":["GET"]}}],"collection":[{"href":"https:\/\/kleinfeld-cec.com\/en\/wp-json\/wp\/v2\/pages"}],"about":[{"href":"https:\/\/kleinfeld-cec.com\/en\/wp-json\/wp\/v2\/types\/page"}],"author":[{"embeddable":true,"href":"https:\/\/kleinfeld-cec.com\/en\/wp-json\/wp\/v2\/users\/1"}],"replies":[{"embeddable":true,"href":"https:\/\/kleinfeld-cec.com\/en\/wp-json\/wp\/v2\/comments?post=2760"}],"version-history":[{"count":26,"href":"https:\/\/kleinfeld-cec.com\/en\/wp-json\/wp\/v2\/pages\/2760\/revisions"}],"predecessor-version":[{"id":4291,"href":"https:\/\/kleinfeld-cec.com\/en\/wp-json\/wp\/v2\/pages\/2760\/revisions\/4291"}],"wp:attachment":[{"href":"https:\/\/kleinfeld-cec.com\/en\/wp-json\/wp\/v2\/media?parent=2760"}],"curies":[{"name":"wp","href":"https:\/\/api.w.org\/{rel}","templated":true}]}}